{"id":26,"date":"2023-10-26T00:58:34","date_gmt":"2023-10-26T00:58:34","guid":{"rendered":"https:\/\/nuevourecho.com\/?page_id=26"},"modified":"2023-10-26T01:27:28","modified_gmt":"2023-10-26T01:27:28","slug":"nuevo-urecho","status":"publish","type":"page","link":"https:\/\/nuevourecho.com\/","title":{"rendered":"Nuevo Urecho"},"content":{"rendered":"\n<p>Urecho significa &#8220;lugar situado en tierra caliente&#8221;. En 1833 dado que la poblaci\u00f3n reubic\u00f3 el pueblo, tom\u00f3 el nombre actual de &#8220;Nuevo Urecho&#8221;.<\/p>\n\n\n\n<figure class=\"wp-block-image size-large\"><img loading=\"lazy\" decoding=\"async\" width=\"1024\" height=\"768\" src=\"http:\/\/nuevourecho.com\/wp-content\/uploads\/2023\/10\/banner_2020_1_16_1579211818.1404-1024x768.jpeg\" alt=\"\" class=\"wp-image-24\" srcset=\"https:\/\/nuevourecho.com\/wp-content\/uploads\/2023\/10\/banner_2020_1_16_1579211818.1404-1024x768.jpeg 1024w, https:\/\/nuevourecho.com\/wp-content\/uploads\/2023\/10\/banner_2020_1_16_1579211818.1404-300x225.jpeg 300w, https:\/\/nuevourecho.com\/wp-content\/uploads\/2023\/10\/banner_2020_1_16_1579211818.1404-768x576.jpeg 768w, https:\/\/nuevourecho.com\/wp-content\/uploads\/2023\/10\/banner_2020_1_16_1579211818.1404.jpeg 1152w\" sizes=\"auto, (max-width: 1024px) 100vw, 1024px\" \/><\/figure>\n","protected":false},"excerpt":{"rendered":"<p>Urecho significa &#8220;lugar situado en tierra caliente&#8221;. En 1833 dado que la poblaci\u00f3n reubic\u00f3 el pueblo, tom\u00f3 el nombre actual de &#8220;Nuevo Urecho&#8221;.<\/p>\n","protected":false},"author":1,"featured_media":0,"parent":0,"menu_order":0,"comment_status":"closed","ping_status":"closed","template":"","meta":{"footnotes":""},"class_list":["post-26","page","type-page","status-publish","hentry"],"_links":{"self":[{"href":"https:\/\/nuevourecho.com\/index.php\/wp-json\/wp\/v2\/pages\/26","targetHints":{"allow":["GET"]}}],"collection":[{"href":"https:\/\/nuevourecho.com\/index.php\/wp-json\/wp\/v2\/pages"}],"about":[{"href":"https:\/\/nuevourecho.com\/index.php\/wp-json\/wp\/v2\/types\/page"}],"author":[{"embeddable":true,"href":"https:\/\/nuevourecho.com\/index.php\/wp-json\/wp\/v2\/users\/1"}],"replies":[{"embeddable":true,"href":"https:\/\/nuevourecho.com\/index.php\/wp-json\/wp\/v2\/comments?post=26"}],"version-history":[{"count":3,"href":"https:\/\/nuevourecho.com\/index.php\/wp-json\/wp\/v2\/pages\/26\/revisions"}],"predecessor-version":[{"id":34,"href":"https:\/\/nuevourecho.com\/index.php\/wp-json\/wp\/v2\/pages\/26\/revisions\/34"}],"wp:attachment":[{"href":"https:\/\/nuevourecho.com\/index.php\/wp-json\/wp\/v2\/media?parent=26"}],"curies":[{"name":"wp","href":"https:\/\/api.w.org\/{rel}","templated":true}]}}